{"id":1036,"date":"2025-02-12T11:30:50","date_gmt":"2025-02-12T10:30:50","guid":{"rendered":"https:\/\/ola-stromberg.se\/?page_id=1036"},"modified":"2025-02-12T11:30:50","modified_gmt":"2025-02-12T10:30:50","slug":"pl-skogsbruk","status":"publish","type":"page","link":"https:\/\/wp.ola-stromberg.se\/index.php\/supportrar\/pl-skogsbruk\/","title":{"rendered":"PL Skogsbruk"},"content":{"rendered":"\n<div class=\"wp-block-columns is-layout-flex wp-container-core-columns-is-layout-9d6595d7 wp-block-columns-is-layout-flex\">\n<div class=\"wp-block-column is-layout-flow wp-block-column-is-layout-flow\">\n<figure class=\"wp-block-image size-full is-resized\"><img loading=\"lazy\" decoding=\"async\" width=\"1158\" height=\"572\" src=\"https:\/\/ola-stromberg.se\/wp-content\/uploads\/2025\/02\/Linge_01.jpg\" alt=\"\" class=\"wp-image-1035\" style=\"width:665px;height:auto\" srcset=\"https:\/\/wp.ola-stromberg.se\/wp-content\/uploads\/2025\/02\/Linge_01.jpg 1158w, https:\/\/wp.ola-stromberg.se\/wp-content\/uploads\/2025\/02\/Linge_01-300x148.jpg 300w, https:\/\/wp.ola-stromberg.se\/wp-content\/uploads\/2025\/02\/Linge_01-1024x506.jpg 1024w, https:\/\/wp.ola-stromberg.se\/wp-content\/uploads\/2025\/02\/Linge_01-768x379.jpg 768w\" sizes=\"auto, (max-width: 1158px) 100vw, 1158px\" \/><\/figure>\n<\/div>\n<\/div>\n\n\n\n<p><strong>Pehter Linge\u00a0<\/strong>\u00e4r en pensionerad Tran\u00e5sbo med stor del av hj\u00e4rtat hos rally. Vi fick kontakt efter att jag skjutsat n\u00e5gra grabbar i ett rally d\u00e4r f\u00f6r n\u00e5gra \u00e5r sedan. Det var s\u00e5dant han uppskattade. Han har visat det genom att diskret p\u00e5 olika s\u00e4tt st\u00f6tta oss i v\u00e5rt t\u00e4vlande.<\/p>\n\n\n\n<p>I Team Skogs\u00e5karnas t\u00e4vling i Tran\u00e5s, <strong>Badhotelletrallyt <\/strong>(Kan nog vara till minne av framlidne stor\u00e5karen Cemoni Ohlsson) 2025 s\u00e5 har han valt att st\u00f6tta hela v\u00e5rt Sukkag\u00e4ng.<\/p>\n\n\n\n<p><\/p>\n\n\n\n<div class=\"wp-block-columns is-layout-flex wp-container-core-columns-is-layout-9d6595d7 wp-block-columns-is-layout-flex\">\n<div class=\"wp-block-column is-layout-flow wp-block-column-is-layout-flow\">\n<figure class=\"wp-block-image size-full is-resized\"><img loading=\"lazy\" decoding=\"async\" width=\"2560\" height=\"1619\" src=\"https:\/\/ola-stromberg.se\/wp-content\/uploads\/2025\/02\/PL_Hultsfred-scaled.jpg\" alt=\"\" class=\"wp-image-1038\" style=\"width:667px;height:auto\" srcset=\"https:\/\/wp.ola-stromberg.se\/wp-content\/uploads\/2025\/02\/PL_Hultsfred-scaled.jpg 2560w, https:\/\/wp.ola-stromberg.se\/wp-content\/uploads\/2025\/02\/PL_Hultsfred-300x190.jpg 300w, https:\/\/wp.ola-stromberg.se\/wp-content\/uploads\/2025\/02\/PL_Hultsfred-1024x648.jpg 1024w, https:\/\/wp.ola-stromberg.se\/wp-content\/uploads\/2025\/02\/PL_Hultsfred-768x486.jpg 768w, https:\/\/wp.ola-stromberg.se\/wp-content\/uploads\/2025\/02\/PL_Hultsfred-1536x972.jpg 1536w, https:\/\/wp.ola-stromberg.se\/wp-content\/uploads\/2025\/02\/PL_Hultsfred-2048x1295.jpg 2048w\" sizes=\"auto, (max-width: 2560px) 100vw, 2560px\" \/><figcaption class=\"wp-element-caption\"><em>H\u00e4r bes\u00f6kte Pehter oss i Hultsfred 2024. En v\u00e4ldigt talande bild.<\/em><\/figcaption><\/figure>\n<\/div>\n<\/div>\n\n\n\n<div class=\"wp-block-columns is-layout-flex wp-container-core-columns-is-layout-9d6595d7 wp-block-columns-is-layout-flex\">\n<div class=\"wp-block-column is-layout-flow wp-block-column-is-layout-flow\">\n<figure class=\"wp-block-image size-large\"><a href=\"https:\/\/youtu.be\/FBTrEWocA7k?si=aDOUqmYVzdQpsHbD\" target=\"_blank\" rel=\" noreferrer noopener\"><img loading=\"lazy\" decoding=\"async\" width=\"1024\" height=\"576\" src=\"https:\/\/ola-stromberg.se\/wp-content\/uploads\/2025\/02\/Skarmbild-2025-02-12-112646-1024x576.png\" alt=\"\" class=\"wp-image-1039\" srcset=\"https:\/\/wp.ola-stromberg.se\/wp-content\/uploads\/2025\/02\/Skarmbild-2025-02-12-112646-1024x576.png 1024w, https:\/\/wp.ola-stromberg.se\/wp-content\/uploads\/2025\/02\/Skarmbild-2025-02-12-112646-300x169.png 300w, https:\/\/wp.ola-stromberg.se\/wp-content\/uploads\/2025\/02\/Skarmbild-2025-02-12-112646-768x432.png 768w, https:\/\/wp.ola-stromberg.se\/wp-content\/uploads\/2025\/02\/Skarmbild-2025-02-12-112646-1536x864.png 1536w, https:\/\/wp.ola-stromberg.se\/wp-content\/uploads\/2025\/02\/Skarmbild-2025-02-12-112646.png 1920w\" sizes=\"auto, (max-width: 1024px) 100vw, 1024px\" \/><\/a><figcaption class=\"wp-element-caption\">Pehter \u00e4r en stor kille. Det blev fullt i hytten. <\/figcaption><\/figure>\n<\/div>\n<\/div>\n\n\n\n<p>Han har \u00e5kt kartis med mig ett par g\u00e5nger. Senast i <strong>Skogs\u00e5ket <\/strong>2024. J\u00e4ttekul d\u00e5 detta var en RS med v\u00e4ndstr\u00e4ckor som p\u00e5 &#8221;den gamla goda tiden&#8221;.     Resultat <a href=\"https:\/\/www.ewrc-results.com\/results\/89219-skogsaket-2024\/?s=462645\" target=\"_blank\" rel=\"noreferrer noopener\">H\u00c4R<\/a><\/p>\n\n\n\n<p><\/p>\n","protected":false},"excerpt":{"rendered":"<p>Pehter Linge\u00a0\u00e4r en pensionerad Tran\u00e5sbo med stor del av hj\u00e4rtat hos rally. Vi fick kontakt efter att jag skjutsat n\u00e5gra grabbar i ett rally d\u00e4r f\u00f6r n\u00e5gra \u00e5r sedan. Det var s\u00e5dant han uppskattade. Han har visat det genom att &hellip; <a href=\"https:\/\/wp.ola-stromberg.se\/index.php\/supportrar\/pl-skogsbruk\/\">Forts\u00e4tt l\u00e4sa <span class=\"meta-nav\">&rarr;<\/span><\/a><\/p>\n","protected":false},"author":1,"featured_media":0,"parent":190,"menu_order":0,"comment_status":"closed","ping_status":"closed","template":"","meta":{"ngg_post_thumbnail":0,"footnotes":""},"class_list":["post-1036","page","type-page","status-publish","hentry"],"_links":{"self":[{"href":"https:\/\/wp.ola-stromberg.se\/index.php\/wp-json\/wp\/v2\/pages\/1036","targetHints":{"allow":["GET"]}}],"collection":[{"href":"https:\/\/wp.ola-stromberg.se\/index.php\/wp-json\/wp\/v2\/pages"}],"about":[{"href":"https:\/\/wp.ola-stromberg.se\/index.php\/wp-json\/wp\/v2\/types\/page"}],"author":[{"embeddable":true,"href":"https:\/\/wp.ola-stromberg.se\/index.php\/wp-json\/wp\/v2\/users\/1"}],"replies":[{"embeddable":true,"href":"https:\/\/wp.ola-stromberg.se\/index.php\/wp-json\/wp\/v2\/comments?post=1036"}],"version-history":[{"count":2,"href":"https:\/\/wp.ola-stromberg.se\/index.php\/wp-json\/wp\/v2\/pages\/1036\/revisions"}],"predecessor-version":[{"id":1040,"href":"https:\/\/wp.ola-stromberg.se\/index.php\/wp-json\/wp\/v2\/pages\/1036\/revisions\/1040"}],"up":[{"embeddable":true,"href":"https:\/\/wp.ola-stromberg.se\/index.php\/wp-json\/wp\/v2\/pages\/190"}],"wp:attachment":[{"href":"https:\/\/wp.ola-stromberg.se\/index.php\/wp-json\/wp\/v2\/media?parent=1036"}],"curies":[{"name":"wp","href":"https:\/\/api.w.org\/{rel}","templated":true}]}}