{"id":1344,"date":"2025-12-27T14:02:15","date_gmt":"2025-12-27T13:02:15","guid":{"rendered":"https:\/\/ola-stromberg.se\/?page_id=1344"},"modified":"2026-02-04T15:18:18","modified_gmt":"2026-02-04T14:18:18","slug":"nyheter-2026","status":"publish","type":"page","link":"https:\/\/wp.ola-stromberg.se\/index.php\/nyheter-2026\/","title":{"rendered":"Nyheter 2026"},"content":{"rendered":"\n<h2 class=\"wp-block-heading\">H\u00e4r kommer vi att ber\u00e4tta lite utf\u00f6rligare om vad som kommer att h\u00e4nda under s\u00e4songen 2026.<\/h2>\n\n\n<div class=\"wp-block-image\">\n<figure class=\"aligncenter size-full is-resized\"><img loading=\"lazy\" decoding=\"async\" width=\"609\" height=\"582\" src=\"https:\/\/ola-stromberg.se\/wp-content\/uploads\/2025\/12\/IMG_0827-1.png\" alt=\"\" class=\"wp-image-1352\" style=\"aspect-ratio:1.0167032742503959;width:636px;height:auto\" srcset=\"https:\/\/wp.ola-stromberg.se\/wp-content\/uploads\/2025\/12\/IMG_0827-1.png 609w, https:\/\/wp.ola-stromberg.se\/wp-content\/uploads\/2025\/12\/IMG_0827-1-300x287.png 300w\" sizes=\"auto, (max-width: 609px) 100vw, 609px\" \/><\/figure>\n<\/div>\n\n\n<p>Ni kan b\u00f6rja med att kolla lite om hur renoveringen av Lazlo gick till h\u00e4r i slutet p\u00e5 2025.<\/p>\n\n\n\n<p><a href=\"https:\/\/ontheside.com\/spotlight\/Preview User\/preview\">https:\/\/ontheside.com\/spotlight\/Preview User\/preview<\/a><\/p>\n\n\n\n<h2 class=\"wp-block-heading\">Vi b\u00f6rjar med att ta farv\u00e4l av fina Zandra<\/h2>\n\n\n\n<p>&#8230;som nu kommit till en ny \u00e4gare och i mina \u00f6gon r\u00e4tta h\u00e4nder. Det h\u00e4r f\u00f6renklar logistiken f\u00f6r oss i Team Str\u00f6mberg och frig\u00f6r lite pengar som beh\u00f6vs till annat. Det betyder \u00e4ven att vi l\u00e4mnar lite mer utrymme f\u00f6r Figge i sin egen loge.<\/p>\n\n\n\n<figure class=\"wp-block-image size-large\"><img loading=\"lazy\" decoding=\"async\" width=\"1024\" height=\"683\" src=\"https:\/\/ola-stromberg.se\/wp-content\/uploads\/2025\/10\/IMG_9457-1024x683.jpg\" alt=\"\" class=\"wp-image-1325\" srcset=\"https:\/\/wp.ola-stromberg.se\/wp-content\/uploads\/2025\/10\/IMG_9457-1024x683.jpg 1024w, https:\/\/wp.ola-stromberg.se\/wp-content\/uploads\/2025\/10\/IMG_9457-300x200.jpg 300w, https:\/\/wp.ola-stromberg.se\/wp-content\/uploads\/2025\/10\/IMG_9457-768x512.jpg 768w, https:\/\/wp.ola-stromberg.se\/wp-content\/uploads\/2025\/10\/IMG_9457-1536x1024.jpg 1536w, https:\/\/wp.ola-stromberg.se\/wp-content\/uploads\/2025\/10\/IMG_9457.jpg 2048w\" sizes=\"auto, (max-width: 1024px) 100vw, 1024px\" \/><figcaption class=\"wp-element-caption\"><strong>Sista rallyt med Zandra blev 100-\u00e5ringen i Enk\u00f6ping 2025 med Alva Lindfors<\/strong>. <\/figcaption><\/figure>\n","protected":false},"excerpt":{"rendered":"<p>H\u00e4r kommer vi att ber\u00e4tta lite utf\u00f6rligare om vad som kommer att h\u00e4nda under s\u00e4songen 2026. Ni kan b\u00f6rja med att kolla lite om hur renoveringen av Lazlo gick till h\u00e4r i slutet p\u00e5 2025. https:\/\/ontheside.com\/spotlight\/Preview User\/preview Vi b\u00f6rjar med &hellip; <a href=\"https:\/\/wp.ola-stromberg.se\/index.php\/nyheter-2026\/\">Forts\u00e4tt l\u00e4sa <span class=\"meta-nav\">&rarr;<\/span><\/a><\/p>\n","protected":false},"author":1,"featured_media":0,"parent":0,"menu_order":0,"comment_status":"closed","ping_status":"closed","template":"","meta":{"ngg_post_thumbnail":0,"footnotes":""},"class_list":["post-1344","page","type-page","status-publish","hentry"],"_links":{"self":[{"href":"https:\/\/wp.ola-stromberg.se\/index.php\/wp-json\/wp\/v2\/pages\/1344","targetHints":{"allow":["GET"]}}],"collection":[{"href":"https:\/\/wp.ola-stromberg.se\/index.php\/wp-json\/wp\/v2\/pages"}],"about":[{"href":"https:\/\/wp.ola-stromberg.se\/index.php\/wp-json\/wp\/v2\/types\/page"}],"author":[{"embeddable":true,"href":"https:\/\/wp.ola-stromberg.se\/index.php\/wp-json\/wp\/v2\/users\/1"}],"replies":[{"embeddable":true,"href":"https:\/\/wp.ola-stromberg.se\/index.php\/wp-json\/wp\/v2\/comments?post=1344"}],"version-history":[{"count":9,"href":"https:\/\/wp.ola-stromberg.se\/index.php\/wp-json\/wp\/v2\/pages\/1344\/revisions"}],"predecessor-version":[{"id":1368,"href":"https:\/\/wp.ola-stromberg.se\/index.php\/wp-json\/wp\/v2\/pages\/1344\/revisions\/1368"}],"wp:attachment":[{"href":"https:\/\/wp.ola-stromberg.se\/index.php\/wp-json\/wp\/v2\/media?parent=1344"}],"curies":[{"name":"wp","href":"https:\/\/api.w.org\/{rel}","templated":true}]}}