{"id":623,"date":"2024-11-03T10:42:01","date_gmt":"2024-11-03T09:42:01","guid":{"rendered":"https:\/\/wp.ola-stromberg.se\/?page_id=623"},"modified":"2024-11-06T22:11:10","modified_gmt":"2024-11-06T21:11:10","slug":"lindberg-i-edsbyn-ab","status":"publish","type":"page","link":"https:\/\/wp.ola-stromberg.se\/index.php\/supportrar\/lindberg-i-edsbyn-ab\/","title":{"rendered":"Lindberg i Edsbyn AB"},"content":{"rendered":"\n<div class=\"wp-block-columns is-layout-flex wp-container-core-columns-is-layout-9d6595d7 wp-block-columns-is-layout-flex\">\n<div class=\"wp-block-column is-layout-flow wp-block-column-is-layout-flow\">\n<figure class=\"wp-block-image size-full is-resized\"><img loading=\"lazy\" decoding=\"async\" width=\"768\" height=\"331\" src=\"https:\/\/ola-stromberg.se\/wp-content\/uploads\/2024\/10\/Lindberg_logo_new_blackback-1-2.jpg\" alt=\"\" class=\"wp-image-196\" style=\"width:665px;height:auto\" srcset=\"https:\/\/wp.ola-stromberg.se\/wp-content\/uploads\/2024\/10\/Lindberg_logo_new_blackback-1-2.jpg 768w, https:\/\/wp.ola-stromberg.se\/wp-content\/uploads\/2024\/10\/Lindberg_logo_new_blackback-1-2-300x129.jpg 300w\" sizes=\"auto, (max-width: 768px) 100vw, 768px\" \/><\/figure>\n<\/div>\n<\/div>\n\n\n\n<p><strong>Lindberg startades av omtanke.<\/strong>&nbsp;Av omtanke f\u00f6r ett barns frusna h\u00e4nder och f\u00f6tter. Det var n\u00e4r grundaren <strong>Michael Lindberg<\/strong> fick sin f\u00f6rsta son som kl\u00e4dm\u00e4rket Lindberg f\u00f6ddes. Sedan dess har det fortsatt, med omtanke f\u00f6r alla som tycker om att vistas i svensk natur och svenskt klimat.<br><\/p>\n\n\n\n<div class=\"wp-block-columns is-layout-flex wp-container-core-columns-is-layout-9d6595d7 wp-block-columns-is-layout-flex\">\n<div class=\"wp-block-column is-layout-flow wp-block-column-is-layout-flow\">\n<figure class=\"wp-block-image size-full is-resized\"><img loading=\"lazy\" decoding=\"async\" width=\"1432\" height=\"1074\" src=\"https:\/\/ola-stromberg.se\/wp-content\/uploads\/2024\/11\/IMG_7892.jpg\" alt=\"\" class=\"wp-image-624\" style=\"width:321px;height:auto\" srcset=\"https:\/\/wp.ola-stromberg.se\/wp-content\/uploads\/2024\/11\/IMG_7892.jpg 1432w, https:\/\/wp.ola-stromberg.se\/wp-content\/uploads\/2024\/11\/IMG_7892-300x225.jpg 300w, https:\/\/wp.ola-stromberg.se\/wp-content\/uploads\/2024\/11\/IMG_7892-1024x768.jpg 1024w, https:\/\/wp.ola-stromberg.se\/wp-content\/uploads\/2024\/11\/IMG_7892-768x576.jpg 768w\" sizes=\"auto, (max-width: 1432px) 100vw, 1432px\" \/><figcaption class=\"wp-element-caption\">Grundaren sj\u00e4lv utanf\u00f6r sitt verk i ett vinterkallt Edsbyn. <br>Michael \u00e4r ju en personlig v\u00e4n till mig som sj\u00e4lv k\u00f6rde rally p\u00e5 -70 talet och \u00e4ven har l\u00e4st noter \u00e5t mig b\u00e5de i Sverige och utlandet.<\/figcaption><\/figure>\n<\/div>\n\n\n\n<div class=\"wp-block-column is-layout-flow wp-block-column-is-layout-flow\">\n<p>V\u00e5rt svenska klimat \u00e4r unikt, fr\u00e5n 30 grader v\u00e4rme p\u00e5 sommare till 30 grader kyla p\u00e5 vintern, blandat med vind, sn\u00f6, regn och sol. Med ordspr\u00e5ket &#8221;det finns inget d\u00e5ligt v\u00e4der&#8230;&#8221; jobbar vi p\u00e5 Lindberg h\u00e5rt f\u00f6r att hantera v\u00e5rt klimat. Med lager p\u00e5 lager och kl\u00e4der som helt enkelt passar alla v\u00e4der har Lindbergs sortiment av utomhuskl\u00e4der byggts upp. Regnkl\u00e4der f\u00f6r ruskiga dagar, vadderade kl\u00e4der f\u00f6r att skydda mot kylan och vind- och vattent\u00e4tt f\u00f6r h\u00f6st och v\u00e5r. Med solskyddskl\u00e4der och badkl\u00e4der f\u00f6r sommaren. Helt enkelt funktionsplagg skapade f\u00f6r att ge dig en behaglig utomhusvistelse, oavsett v\u00e4der.<\/p>\n<\/div>\n<\/div>\n\n\n\n<p>Vi kan ocks\u00e5 prata om v\u00e5r\u00a0<strong>omtanke f\u00f6r milj\u00f6n<\/strong>\u00a0och v\u00e5rt arbete att s\u00e4kerst\u00e4lla att all tillverkning sker med s\u00e5 lite milj\u00f6p\u00e5verkan som m\u00f6jligt. Vi f\u00f6ljer EU&#8217;s normer och regler (l\u00e4s REACH) och idag \u00e4r flera av v\u00e5ra plagg dessutom \u00d6ko-Tex m\u00e4rkta <br>Sist men absolut inte minst, Lindberg sk\u00e4nker varje \u00e5r pengar till barnhem i delar av v\u00e4rlden som inte har det lika bra som vi har det h\u00e4r. Att handla en Lindbergprodukt inneb\u00e4r att Du \u00e4r med och st\u00f6djer v\u00e5rt arbete f\u00f6r dessa barn (l\u00e4s g\u00e4rna mer om arbetet som bedrivs av\u00a0<a href=\"https:\/\/www.barnensraddningsark.se\/\"><strong>Barnens R\u00e4ddningsark<\/strong><\/a>). Av ren omtanke&#8230;<br><br><a href=\"https:\/\/lindbergsweden.se\/\" target=\"_blank\" rel=\"noreferrer noopener\">LINDBERG SHOP<\/a><\/p>\n\n\n\n<p><\/p>\n","protected":false},"excerpt":{"rendered":"<p>Lindberg startades av omtanke.&nbsp;Av omtanke f\u00f6r ett barns frusna h\u00e4nder och f\u00f6tter. Det var n\u00e4r grundaren Michael Lindberg fick sin f\u00f6rsta son som kl\u00e4dm\u00e4rket Lindberg f\u00f6ddes. Sedan dess har det fortsatt, med omtanke f\u00f6r alla som tycker om att vistas &hellip; <a href=\"https:\/\/wp.ola-stromberg.se\/index.php\/supportrar\/lindberg-i-edsbyn-ab\/\">Forts\u00e4tt l\u00e4sa <span class=\"meta-nav\">&rarr;<\/span><\/a><\/p>\n","protected":false},"author":1,"featured_media":0,"parent":190,"menu_order":0,"comment_status":"closed","ping_status":"closed","template":"","meta":{"ngg_post_thumbnail":0,"footnotes":""},"class_list":["post-623","page","type-page","status-publish","hentry"],"_links":{"self":[{"href":"https:\/\/wp.ola-stromberg.se\/index.php\/wp-json\/wp\/v2\/pages\/623","targetHints":{"allow":["GET"]}}],"collection":[{"href":"https:\/\/wp.ola-stromberg.se\/index.php\/wp-json\/wp\/v2\/pages"}],"about":[{"href":"https:\/\/wp.ola-stromberg.se\/index.php\/wp-json\/wp\/v2\/types\/page"}],"author":[{"embeddable":true,"href":"https:\/\/wp.ola-stromberg.se\/index.php\/wp-json\/wp\/v2\/users\/1"}],"replies":[{"embeddable":true,"href":"https:\/\/wp.ola-stromberg.se\/index.php\/wp-json\/wp\/v2\/comments?post=623"}],"version-history":[{"count":4,"href":"https:\/\/wp.ola-stromberg.se\/index.php\/wp-json\/wp\/v2\/pages\/623\/revisions"}],"predecessor-version":[{"id":903,"href":"https:\/\/wp.ola-stromberg.se\/index.php\/wp-json\/wp\/v2\/pages\/623\/revisions\/903"}],"up":[{"embeddable":true,"href":"https:\/\/wp.ola-stromberg.se\/index.php\/wp-json\/wp\/v2\/pages\/190"}],"wp:attachment":[{"href":"https:\/\/wp.ola-stromberg.se\/index.php\/wp-json\/wp\/v2\/media?parent=623"}],"curies":[{"name":"wp","href":"https:\/\/api.w.org\/{rel}","templated":true}]}}